{"id":437,"date":"2024-12-05T14:49:48","date_gmt":"2024-12-05T14:49:48","guid":{"rendered":"https:\/\/displayav.com\/?page_id=437"},"modified":"2026-03-22T23:07:25","modified_gmt":"2026-03-22T23:07:25","slug":"contacto","status":"publish","type":"page","link":"https:\/\/displayav.com\/en\/contacto\/","title":{"rendered":"Contacto"},"content":{"rendered":"\t\t<div data-elementor-type=\"wp-page\" data-elementor-id=\"437\" class=\"elementor elementor-437\" data-elementor-settings=\"{&quot;ha_cmc_init_switcher&quot;:&quot;no&quot;}\" data-elementor-post-type=\"page\">\n\t\t\t\t<div class=\"elementor-element elementor-element-fc2db48 e-flex e-con-boxed e-con e-parent\" data-id=\"fc2db48\" data-element_type=\"container\" data-e-type=\"container\" data-settings=\"{&quot;_ha_eqh_enable&quot;:false}\">\n\t\t\t\t\t<div class=\"e-con-inner\">\n\t\t<div class=\"elementor-element elementor-element-96adf04 e-con-full e-flex elementor-invisible e-con e-child\" data-id=\"96adf04\" data-element_type=\"container\" data-e-type=\"container\" data-settings=\"{&quot;background_background&quot;:&quot;classic&quot;,&quot;animation&quot;:&quot;slideInUp&quot;,&quot;_ha_eqh_enable&quot;:false}\">\n\t\t<div class=\"elementor-element elementor-element-ee8f3df e-con-full e-flex elementor-invisible e-con e-child\" data-id=\"ee8f3df\" data-element_type=\"container\" data-e-type=\"container\" data-settings=\"{&quot;animation&quot;:&quot;slideInUp&quot;,&quot;_ha_eqh_enable&quot;:false}\">\n\t\t\t\t<div class=\"elementor-element elementor-element-ad9ffac elementor-widget elementor-widget-heading\" data-id=\"ad9ffac\" data-element_type=\"widget\" data-e-type=\"widget\" data-widget_type=\"heading.default\">\n\t\t\t\t<div class=\"elementor-widget-container\">\n\t\t\t\t\t<p class=\"elementor-heading-title elementor-size-default\">SI, HACEMOS MUCHAS COSAS<\/p>\t\t\t\t<\/div>\n\t\t\t\t<\/div>\n\t\t\t\t<div class=\"elementor-element elementor-element-8a4b6db elementor-widget elementor-widget-heading\" data-id=\"8a4b6db\" data-element_type=\"widget\" data-e-type=\"widget\" data-widget_type=\"heading.default\">\n\t\t\t\t<div class=\"elementor-widget-container\">\n\t\t\t\t\t<h1 class=\"elementor-heading-title elementor-size-default\">\u00bfQUER\u00c9S PONERTE EN <br>CONTACTO CON NOSOTROS?<\/h1>\t\t\t\t<\/div>\n\t\t\t\t<\/div>\n\t\t\t\t<div class=\"elementor-element elementor-element-a8de2f4 elementor-widget elementor-widget-heading\" data-id=\"a8de2f4\" data-element_type=\"widget\" data-e-type=\"widget\" data-widget_type=\"heading.default\">\n\t\t\t\t<div class=\"elementor-widget-container\">\n\t\t\t\t\t<p class=\"elementor-heading-title elementor-size-default\">CONTANOS SOBRE TU PROYECTO Y HAGAMOS QUE COBRE SENTIDO<\/p>\t\t\t\t<\/div>\n\t\t\t\t<\/div>\n\t\t\t\t<div class=\"elementor-element elementor-element-5073c10 elementor-widget elementor-widget-heading\" data-id=\"5073c10\" data-element_type=\"widget\" data-e-type=\"widget\" data-widget_type=\"heading.default\">\n\t\t\t\t<div class=\"elementor-widget-container\">\n\t\t\t\t\t<p class=\"elementor-heading-title elementor-size-default\"><a href=\"https:\/\/display-av.notion.site\/12cc95a55232808a940dc854d7830e3b?pvs=1050e3b%3Fpvs=105\" target=\"_blank\">Si quer\u00e9s trabajar con nosotros hac\u00e9 click ac\u00e1 para enviar tus datos<\/a><\/p>\t\t\t\t<\/div>\n\t\t\t\t<\/div>\n\t\t\t\t<\/div>\n\t\t\t\t<\/div>\n\t\t<div class=\"elementor-element elementor-element-e7f84f1 e-con-full e-flex e-con e-child\" data-id=\"e7f84f1\" data-element_type=\"container\" data-e-type=\"container\" data-settings=\"{&quot;_ha_eqh_enable&quot;:false}\">\n\t\t\t\t<div class=\"elementor-element elementor-element-f6b0410 elementor-button-align-center elementor-widget__width-initial elementor-widget elementor-widget-form\" data-id=\"f6b0410\" data-element_type=\"widget\" data-e-type=\"widget\" data-settings=\"{&quot;step_next_label&quot;:&quot;Next&quot;,&quot;step_previous_label&quot;:&quot;Previous&quot;,&quot;button_width&quot;:&quot;100&quot;,&quot;step_type&quot;:&quot;number_text&quot;,&quot;step_icon_shape&quot;:&quot;circle&quot;}\" data-widget_type=\"form.default\">\n\t\t\t\t<div class=\"elementor-widget-container\">\n\t\t\t\t\t\t\t<form class=\"elementor-form\" method=\"post\" name=\"New Form\" aria-label=\"New Form\">\n\t\t\t<input type=\"hidden\" name=\"post_id\" value=\"437\"\/>\n\t\t\t<input type=\"hidden\" name=\"form_id\" value=\"f6b0410\"\/>\n\t\t\t<input type=\"hidden\" name=\"referer_title\" value=\"Contacto - Display\" \/>\n\n\t\t\t\t\t\t\t<input type=\"hidden\" name=\"queried_id\" value=\"437\"\/>\n\t\t\t\n\t\t\t<div class=\"elementor-form-fields-wrapper elementor-labels-above\">\n\t\t\t\t\t\t\t\t<div class=\"elementor-field-type-text elementor-field-group elementor-column elementor-field-group-name elementor-col-100 elementor-field-required\">\n\t\t\t\t\t\t\t\t\t\t\t\t\t<input size=\"1\" type=\"text\" name=\"form_fields[name]\" id=\"form-field-name\" class=\"elementor-field elementor-size-sm  elementor-field-textual\" placeholder=\"Nombre\" required=\"required\">\n\t\t\t\t\t\t\t\t\t\t\t<\/div>\n\t\t\t\t\t\t\t\t<div class=\"elementor-field-type-email elementor-field-group elementor-column elementor-field-group-email elementor-col-100 elementor-field-required\">\n\t\t\t\t\t\t\t\t\t\t\t\t\t<input size=\"1\" type=\"email\" name=\"form_fields[email]\" id=\"form-field-email\" class=\"elementor-field elementor-size-sm  elementor-field-textual\" placeholder=\"Email\" required=\"required\">\n\t\t\t\t\t\t\t\t\t\t\t<\/div>\n\t\t\t\t\t\t\t\t<div class=\"elementor-field-type-select elementor-field-group elementor-column elementor-field-group-field_20ede31 elementor-col-100 elementor-field-required\">\n\t\t\t\t\t\t\t\t\t\t\t\t<label for=\"form-field-field_20ede31\" class=\"elementor-field-label\">\n\t\t\t\t\t\t\t\tSelecciona un pa\u00eds\t\t\t\t\t\t\t<\/label>\n\t\t\t\t\t\t\t\t<div class=\"elementor-field elementor-select-wrapper remove-before \">\n\t\t\t<div class=\"select-caret-down-wrapper\">\n\t\t\t\t<svg aria-hidden=\"true\" class=\"e-font-icon-svg e-eicon-caret-down\" viewBox=\"0 0 571.4 571.4\" xmlns=\"http:\/\/www.w3.org\/2000\/svg\"><path d=\"M571 393Q571 407 561 418L311 668Q300 679 286 679T261 668L11 418Q0 407 0 393T11 368 36 357H536Q550 357 561 368T571 393Z\"><\/path><\/svg>\t\t\t<\/div>\n\t\t\t<select name=\"form_fields[field_20ede31]\" id=\"form-field-field_20ede31\" class=\"elementor-field-textual elementor-size-sm\" required=\"required\">\n\t\t\t\t\t\t\t\t\t<option value=\"Argentina\" selected=\"selected\">Argentina<\/option>\n\t\t\t\t\t\t\t\t\t<option value=\"Uruguay\">Uruguay<\/option>\n\t\t\t\t\t\t\t\t\t<option value=\"Chile\">Chile<\/option>\n\t\t\t\t\t\t\t\t\t<option value=\"Espa\u00f1a\">Espa\u00f1a<\/option>\n\t\t\t\t\t\t\t\t\t<option value=\"Otro\">Otro<\/option>\n\t\t\t\t\t\t\t<\/select>\n\t\t<\/div>\n\t\t\t\t\t\t<\/div>\n\t\t\t\t\t\t\t\t<div class=\"elementor-field-type-select elementor-field-group elementor-column elementor-field-group-field_2ef1432 elementor-col-100 elementor-field-required\">\n\t\t\t\t\t\t\t\t\t\t\t\t<label for=\"form-field-field_2ef1432\" class=\"elementor-field-label\">\n\t\t\t\t\t\t\t\tSelecciona el servicio\t\t\t\t\t\t\t<\/label>\n\t\t\t\t\t\t\t\t<div class=\"elementor-field elementor-select-wrapper remove-before \">\n\t\t\t<div class=\"select-caret-down-wrapper\">\n\t\t\t\t<svg aria-hidden=\"true\" class=\"e-font-icon-svg e-eicon-caret-down\" viewBox=\"0 0 571.4 571.4\" xmlns=\"http:\/\/www.w3.org\/2000\/svg\"><path d=\"M571 393Q571 407 561 418L311 668Q300 679 286 679T261 668L11 418Q0 407 0 393T11 368 36 357H536Q550 357 561 368T571 393Z\"><\/path><\/svg>\t\t\t<\/div>\n\t\t\t<select name=\"form_fields[field_2ef1432]\" id=\"form-field-field_2ef1432\" class=\"elementor-field-textual elementor-size-sm\" required=\"required\">\n\t\t\t\t\t\t\t\t\t<option value=\"Streaming &amp; CCTV\">Streaming &amp; CCTV<\/option>\n\t\t\t\t\t\t\t\t\t<option value=\"Producci\u00f3n de eventos\">Producci\u00f3n de eventos<\/option>\n\t\t\t\t\t\t\t\t\t<option value=\"Producci\u00f3n audiovisual\">Producci\u00f3n audiovisual<\/option>\n\t\t\t\t\t\t\t\t\t<option value=\"Marketing\">Marketing<\/option>\n\t\t\t\t\t\t\t\t\t<option value=\"Alquiler de estudios - Grabaci\u00f3n y fotograf\u00eda\">Alquiler de estudios - Grabaci\u00f3n y fotograf\u00eda<\/option>\n\t\t\t\t\t\t\t\t\t<option value=\"Alquiler de estudios - Sala de podcast\">Alquiler de estudios - Sala de podcast<\/option>\n\t\t\t\t\t\t\t\t\t<option value=\"Alquiler de estudios - Pasillo\">Alquiler de estudios - Pasillo<\/option>\n\t\t\t\t\t\t\t\t\t<option value=\"Alquiler de estudios - S\u00f3tano\">Alquiler de estudios - S\u00f3tano<\/option>\n\t\t\t\t\t\t\t\t\t<option value=\"Alquiler de estudios - Patio\">Alquiler de estudios - Patio<\/option>\n\t\t\t\t\t\t\t\t\t<option value=\"Rental Audiovisual\">Rental Audiovisual<\/option>\n\t\t\t\t\t\t\t\t\t<option value=\"Rental de Arte\">Rental de Arte<\/option>\n\t\t\t\t\t\t\t\t\t<option value=\"AI Room\">AI Room<\/option>\n\t\t\t\t\t\t\t<\/select>\n\t\t<\/div>\n\t\t\t\t\t\t<\/div>\n\t\t\t\t\t\t\t\t<div class=\"elementor-field-type-text\">\n\t\t\t\t\t<input size=\"1\" type=\"text\" name=\"form_fields[field_025b72a]\" id=\"form-field-field_025b72a\" class=\"elementor-field elementor-size-sm \" style=\"display:none !important;\">\t\t\t\t<\/div>\n\t\t\t\t\t\t\t\t<div class=\"elementor-field-type-textarea elementor-field-group elementor-column elementor-field-group-message elementor-col-100 elementor-field-required\">\n\t\t\t\t\t<textarea class=\"elementor-field-textual elementor-field  elementor-size-sm\" name=\"form_fields[message]\" id=\"form-field-message\" rows=\"4\" placeholder=\"Mensaje\" required=\"required\"><\/textarea>\t\t\t\t<\/div>\n\t\t\t\t\t\t\t\t<div class=\"elementor-field-type-recaptcha_v3 elementor-field-group elementor-column elementor-field-group-field_bdb558b elementor-col-100 recaptcha_v3-bottomleft\">\n\t\t\t\t\t<div class=\"elementor-field\" id=\"form-field-field_bdb558b\"><div class=\"elementor-g-recaptcha\" data-sitekey=\"6LfK7DsgAAAAAMBuksf-pUCgDL8pTv3r4eFF6tOs\" data-type=\"v3\" data-action=\"Form\" data-badge=\"bottomleft\" data-size=\"invisible\"><\/div><\/div>\t\t\t\t<\/div>\n\t\t\t\t\t\t\t\t<div class=\"elementor-field-group elementor-column elementor-field-type-submit elementor-col-100 e-form__buttons\">\n\t\t\t\t\t<button class=\"elementor-button elementor-size-sm\" type=\"submit\">\n\t\t\t\t\t\t<span class=\"elementor-button-content-wrapper\">\n\t\t\t\t\t\t\t\t\t\t\t\t\t\t\t\t\t\t\t\t\t\t<span class=\"elementor-button-text\">ENVIAR<\/span>\n\t\t\t\t\t\t\t\t\t\t\t\t\t<\/span>\n\t\t\t\t\t<\/button>\n\t\t\t\t<\/div>\n\t\t\t<\/div>\n\t\t<\/form>\n\t\t\t\t\t\t<\/div>\n\t\t\t\t<\/div>\n\t\t\t\t<\/div>\n\t\t\t\t\t<\/div>\n\t\t\t\t<\/div>\n\t\t\t\t<\/div>\n\t\t","protected":false},"excerpt":{"rendered":"<p>SI, HACEMOS MUCHAS COSAS \u00bfQUER\u00c9S PONERTE EN CONTACTO CON NOSOTROS? CONTANOS SOBRE TU PROYECTO Y HAGAMOS QUE COBRE SENTIDO Si quer\u00e9s trabajar con nosotros hac\u00e9 click ac\u00e1 para enviar tus datos<\/p>","protected":false},"author":2,"featured_media":0,"parent":0,"menu_order":0,"comment_status":"closed","ping_status":"closed","template":"elementor_header_footer","meta":{"footnotes":""},"class_list":["post-437","page","type-page","status-publish","hentry"],"yoast_head":"<!-- This site is optimized with the Yoast SEO plugin v27.3 - https:\/\/yoast.com\/product\/yoast-seo-wordpress\/ -->\n<title>Contacto - Display<\/title>\n<meta name=\"robots\" content=\"index, follow, max-snippet:-1, max-image-preview:large, max-video-preview:-1\" \/>\n<link rel=\"canonical\" href=\"https:\/\/displayav.com\/en\/contacto\/\" \/>\n<meta property=\"og:locale\" content=\"en_US\" \/>\n<meta property=\"og:type\" content=\"article\" \/>\n<meta property=\"og:title\" content=\"Contacto - Display\" \/>\n<meta property=\"og:description\" content=\"SI, HACEMOS MUCHAS COSAS \u00bfQUER\u00c9S PONERTE EN CONTACTO CON NOSOTROS? CONTANOS SOBRE TU PROYECTO Y HAGAMOS QUE COBRE SENTIDO Si quer\u00e9s trabajar con nosotros hac\u00e9 click ac\u00e1 para enviar tus datos\" \/>\n<meta property=\"og:url\" content=\"https:\/\/displayav.com\/en\/contacto\/\" \/>\n<meta property=\"og:site_name\" content=\"Display\" \/>\n<meta property=\"article:modified_time\" content=\"2026-03-22T23:07:25+00:00\" \/>\n<meta name=\"twitter:card\" content=\"summary_large_image\" \/>\n<meta name=\"twitter:label1\" content=\"Est. reading time\" \/>\n\t<meta name=\"twitter:data1\" content=\"1 minute\" \/>\n<script type=\"application\/ld+json\" class=\"yoast-schema-graph\">{\"@context\":\"https:\\\/\\\/schema.org\",\"@graph\":[{\"@type\":\"WebPage\",\"@id\":\"https:\\\/\\\/displayav.com\\\/contacto\\\/\",\"url\":\"https:\\\/\\\/displayav.com\\\/contacto\\\/\",\"name\":\"Contacto - Display\",\"isPartOf\":{\"@id\":\"https:\\\/\\\/displayav.com\\\/#website\"},\"datePublished\":\"2024-12-05T14:49:48+00:00\",\"dateModified\":\"2026-03-22T23:07:25+00:00\",\"breadcrumb\":{\"@id\":\"https:\\\/\\\/displayav.com\\\/contacto\\\/#breadcrumb\"},\"inLanguage\":\"en-US\",\"potentialAction\":[{\"@type\":\"ReadAction\",\"target\":[\"https:\\\/\\\/displayav.com\\\/contacto\\\/\"]}]},{\"@type\":\"BreadcrumbList\",\"@id\":\"https:\\\/\\\/displayav.com\\\/contacto\\\/#breadcrumb\",\"itemListElement\":[{\"@type\":\"ListItem\",\"position\":1,\"name\":\"Inicio\",\"item\":\"https:\\\/\\\/displayav.com\\\/\"},{\"@type\":\"ListItem\",\"position\":2,\"name\":\"Contacto\"}]},{\"@type\":\"WebSite\",\"@id\":\"https:\\\/\\\/displayav.com\\\/#website\",\"url\":\"https:\\\/\\\/displayav.com\\\/\",\"name\":\"Display\",\"description\":\"Productora Audivisual\",\"potentialAction\":[{\"@type\":\"SearchAction\",\"target\":{\"@type\":\"EntryPoint\",\"urlTemplate\":\"https:\\\/\\\/displayav.com\\\/?s={search_term_string}\"},\"query-input\":{\"@type\":\"PropertyValueSpecification\",\"valueRequired\":true,\"valueName\":\"search_term_string\"}}],\"inLanguage\":\"en-US\"}]}<\/script>\n<!-- \/ Yoast SEO plugin. -->","yoast_head_json":{"title":"Contacto - Display","robots":{"index":"index","follow":"follow","max-snippet":"max-snippet:-1","max-image-preview":"max-image-preview:large","max-video-preview":"max-video-preview:-1"},"canonical":"https:\/\/displayav.com\/en\/contacto\/","og_locale":"en_US","og_type":"article","og_title":"Contacto - Display","og_description":"SI, HACEMOS MUCHAS COSAS \u00bfQUER\u00c9S PONERTE EN CONTACTO CON NOSOTROS? CONTANOS SOBRE TU PROYECTO Y HAGAMOS QUE COBRE SENTIDO Si quer\u00e9s trabajar con nosotros hac\u00e9 click ac\u00e1 para enviar tus datos","og_url":"https:\/\/displayav.com\/en\/contacto\/","og_site_name":"Display","article_modified_time":"2026-03-22T23:07:25+00:00","twitter_card":"summary_large_image","twitter_misc":{"Est. reading time":"1 minute"},"schema":{"@context":"https:\/\/schema.org","@graph":[{"@type":"WebPage","@id":"https:\/\/displayav.com\/contacto\/","url":"https:\/\/displayav.com\/contacto\/","name":"Contacto - Display","isPartOf":{"@id":"https:\/\/displayav.com\/#website"},"datePublished":"2024-12-05T14:49:48+00:00","dateModified":"2026-03-22T23:07:25+00:00","breadcrumb":{"@id":"https:\/\/displayav.com\/contacto\/#breadcrumb"},"inLanguage":"en-US","potentialAction":[{"@type":"ReadAction","target":["https:\/\/displayav.com\/contacto\/"]}]},{"@type":"BreadcrumbList","@id":"https:\/\/displayav.com\/contacto\/#breadcrumb","itemListElement":[{"@type":"ListItem","position":1,"name":"Inicio","item":"https:\/\/displayav.com\/"},{"@type":"ListItem","position":2,"name":"Contacto"}]},{"@type":"WebSite","@id":"https:\/\/displayav.com\/#website","url":"https:\/\/displayav.com\/","name":"Display","description":"Productora Audivisual","potentialAction":[{"@type":"SearchAction","target":{"@type":"EntryPoint","urlTemplate":"https:\/\/displayav.com\/?s={search_term_string}"},"query-input":{"@type":"PropertyValueSpecification","valueRequired":true,"valueName":"search_term_string"}}],"inLanguage":"en-US"}]}},"_links":{"self":[{"href":"https:\/\/displayav.com\/en\/wp-json\/wp\/v2\/pages\/437","targetHints":{"allow":["GET"]}}],"collection":[{"href":"https:\/\/displayav.com\/en\/wp-json\/wp\/v2\/pages"}],"about":[{"href":"https:\/\/displayav.com\/en\/wp-json\/wp\/v2\/types\/page"}],"author":[{"embeddable":true,"href":"https:\/\/displayav.com\/en\/wp-json\/wp\/v2\/users\/2"}],"replies":[{"embeddable":true,"href":"https:\/\/displayav.com\/en\/wp-json\/wp\/v2\/comments?post=437"}],"version-history":[{"count":5,"href":"https:\/\/displayav.com\/en\/wp-json\/wp\/v2\/pages\/437\/revisions"}],"predecessor-version":[{"id":2700,"href":"https:\/\/displayav.com\/en\/wp-json\/wp\/v2\/pages\/437\/revisions\/2700"}],"wp:attachment":[{"href":"https:\/\/displayav.com\/en\/wp-json\/wp\/v2\/media?parent=437"}],"curies":[{"name":"wp","href":"https:\/\/api.w.org\/{rel}","templated":true}]}}